{"id":2771,"date":"2023-01-17T09:23:52","date_gmt":"2023-01-17T08:23:52","guid":{"rendered":"http:\/\/gneisenau103.de.www133.your-server.de\/home-page-final\/"},"modified":"2024-06-26T14:03:33","modified_gmt":"2024-06-26T12:03:33","slug":"home-page-final","status":"publish","type":"page","link":"https:\/\/nostitzstrasse51.de\/en\/","title":{"rendered":"Home page"},"content":{"rendered":"<section class=\"l-section wpb_row us_custom_f05afd5a page-header height_medium width_full\"><div class=\"l-section-h i-cf\"><div class=\"g-cols vc_row via_grid cols_2-1 laptops-cols_inherit tablets-cols_inherit mobiles-cols_1 valign_top type_default stacking_default\"><div class=\"wpb_column vc_column_container us_custom_3696a0ab us_animate_this has_bg_color\"><div class=\"vc_column-inner\"><div class=\"wpb_text_column us_custom_f278b529 has_text_color\"><div class=\"wpb_wrapper\"><p style=\"text-align: left;\">Current:<br \/><a style=\"color: white; text-decoration: underline;\" href=\"https:\/\/www.immobilienscout24.de\/expose\/150750700?referrer=com_otp_search&amp;searchGeoPath=%2Fde%2F10961&amp;searchId=8c542a07-d6aa-3b00-9d48-101e8c7d790e#\/\" target=\"_blank\" rel=\"noopener\" data-saferedirecturl=\"https:\/\/www.google.com\/url?q=https:\/\/www.immobilienscout24.de\/expose\/150750700?referrer%3Dcom_otp_search%26searchGeoPath%3D%252Fde%252F10961%26searchId%3D8c542a07-d6aa-3b00-9d48-101e8c7d790e%23\/&amp;source=gmail&amp;ust=1719038461724000&amp;usg=AOvVaw2lqDPnKhBzFwRzFQrERvke\">PROVISIONSFREE + office space as good as new + already fitted out + move in shortly (immobilienscout24.de)<\/a><\/p>\n<\/div><\/div><\/div><\/div><div class=\"wpb_column vc_column_container us_custom_7b15938c us_animate_this has_bg_color\"><div class=\"vc_column-inner\"><p class=\"w-text us_custom_7c0e296b has_text_color\"><span class=\"w-text-h\"><span class=\"w-text-value\">Nostitzstra\u00dfe 51 \/ Gneisenaustra\u00dfe 103<\/span><\/span><\/p><div class=\"wpb_text_column us_custom_1bc318e8 has_text_color hide_on_tablets\"><div class=\"wpb_wrapper\"><h1>High quality new building with possibility to individualize for your company\u00b4s need<\/p>\n<\/h1>\n<\/div><\/div><div class=\"wpb_text_column us_custom_1bc318e8 has_text_color hide_on_default hide_on_laptops hide_on_mobiles\"><div class=\"wpb_wrapper\"><h2>High quality new building with possibility to individualize for your company\u00b4s need<\/p>\n<\/h2>\n<\/div><\/div><div class=\"w-separator size_custom\" style=\"height:27px\" id=\"ac6b\"><style>@media(max-width:1024px){ #ac6b{height:24px!important}}@media(max-width:600px){ #ac6b{height:20px!important}}<\/style><\/div><div class=\"wpb_text_column us_custom_4e00cd2a has_text_color\"><div class=\"wpb_wrapper\"><p>Are you looking for an office space in Berlin?<br \/>Then you&#8217;ve come to the right place.<br \/>Your office in the heart of Berlin!<\/p>\n<\/div><\/div><\/div><\/div><\/div><\/div><\/section><section class=\"l-section wpb_row us_custom_243b8fa1 height_medium\" id=\"services\"><div class=\"l-section-h i-cf\"><div class=\"g-cols vc_row via_grid cols_2-3 laptops-cols_inherit tablets-cols_1 mobiles-cols_1 valign_top type_default stacking_default\" style=\"grid-gap:2rem;\"><div class=\"wpb_column vc_column_container us_custom_a75036ab\"><div class=\"vc_column-inner\"><h6 class=\"w-text us_custom_8666a569 has_text_color\"><span class=\"w-text-h\"><span class=\"w-text-value\">Nostitzstrasse 51<\/span><\/span><\/h6><h2 class=\"w-text us_custom_a574d586 has_text_color\"><span class=\"w-text-h\"><span class=\"w-text-value\">Amenities<\/span><\/span><\/h2><\/div><\/div><div class=\"wpb_column vc_column_container\"><div class=\"vc_column-inner\"><div class=\"w-iconbox us_custom_eb1265bd us_animate_this iconpos_left style_default color_custom align_left\"><div class=\"w-iconbox-icon\" style=\"font-size:1.5em;--icon-color:var(--color-content-heading);\"><i class=\"far fa-hotel\"><\/i><\/div><div class=\"w-iconbox-meta\"><h3 class=\"w-iconbox-title\">Building equipment<\/h3><div class=\"w-iconbox-text\"><div class=\"seo-pages-yhodm0-ContentBox ep71zsp0\">\n<div class=\"seo-pages-12pj4w9-Container e1u7lfr20\">\n<div class=\"seo-pages-1un36lj-TwoColumnsContainer e11tj4gh1\">\n<div class=\"seo-pages-bfe86e-Column e11tj4gh0\">\n<div class=\"seo-pages-1ct3omt-FlexItem e1yzgbpt0\">\n<div class=\"seo-pages-kk573y-ContentBox ep71zsp0\">\n<div class=\"seo-pages-wzt3co-ListItemContent e1r0p4uz0\">\n<div class=\"seo-pages-1yb67w3-FlexItem e1yzgbpt0\">\n<p class=\"seo-pages-mf85sw-StyledText\">Come and enjoy our modern building equipment.<\/p>\n<\/div>\n<\/div>\n<\/div>\n<\/div>\n<\/div>\n<\/div>\n<\/div>\n<\/div>\n<\/div><\/div><\/div><div class=\"w-separator us_custom_a518f36e us_animate_this size_small with_line width_default thick_2 style_solid color_secondary align_center\" id=\"c841\"><style>@media(max-width:1024px){ #c841{height:4rem!important}}@media(max-width:600px){ #c841{height:4rem!important}}<\/style><div class=\"w-separator-h\"><\/div><\/div><div class=\"w-iconbox us_custom_826ce460 us_animate_this iconpos_left style_default color_custom align_left\"><div class=\"w-iconbox-icon\" style=\"font-size:1.6rem;--icon-color:var(--color-content-heading);\"><i class=\"far fa-tree-alt\"><\/i><\/div><div class=\"w-iconbox-meta\"><h3 class=\"w-iconbox-title\">Perfect location<\/h3><div class=\"w-iconbox-text\"><p>Located in the heart of Berlin: close to amazing parks, restaurants and the best shopping opportunities.<\/p>\n<\/div><\/div><\/div><div class=\"w-separator us_custom_827417b1 us_animate_this size_small with_line width_default thick_2 style_solid color_secondary align_center\" id=\"ga04\"><style>@media(max-width:1024px){ #ga04{height:4rem!important}}@media(max-width:600px){ #ga04{height:4rem!important}}<\/style><div class=\"w-separator-h\"><\/div><\/div><div class=\"w-iconbox us_custom_dce3bbd3 umbruch us_animate_this iconpos_left style_default color_custom align_left\"><div class=\"w-iconbox-icon\" style=\"font-size:1.6rem;--icon-color:var(--color-content-heading);\"><i class=\"far fa-subway\"><\/i><\/div><div class=\"w-iconbox-meta\"><h3 class=\"w-iconbox-title\">Transport connections<\/h3><div class=\"w-iconbox-text\"><p>Direct connection to the highway and public transport.<\/p>\n<\/div><\/div><\/div><\/div><\/div><\/div><\/div><\/section><section class=\"l-section wpb_row us_custom_10276f9a height_medium\"><div class=\"l-section-h i-cf\"><div class=\"g-cols vc_row via_grid cols_2 laptops-cols_inherit tablets-cols_inherit mobiles-cols_1 valign_bottom type_default stacking_default\" style=\"grid-gap:2rem;\"><div class=\"wpb_column vc_column_container\"><div class=\"vc_column-inner\"><div class=\"wpb_text_column us_custom_b35ef944 has_text_color\"><div class=\"wpb_wrapper\"><h3>The special<br \/>\nDesign of the facade<\/h3>\n<\/div><\/div><div class=\"wpb_text_column us_custom_4f1fa3f7 has_text_color\"><div class=\"wpb_wrapper\"><header class=\"entry-header\"><\/header>\n<p class=\"entry-content\">The first impression for you and your guests is the greened exterior facade that stretches up to the sky. The plants provide environmentally friendly and natural insulation with their own irrigation and drainage. The modern five-story building, with an area of 1,562 square meters, was designed by the architect Professor Theo Brenner.    <\/p>\n<\/div><\/div><\/div><\/div><div class=\"wpb_column vc_column_container us_custom_2e5baf4e bild_test us_animate_this has_bg_color\"><div class=\"vc_column-inner\"><\/div><\/div><\/div><\/div><\/section><section class=\"l-section wpb_row us_custom_d8b96123 hide_on_mobiles height_medium\"><div class=\"l-section-h i-cf\"><div class=\"g-cols vc_row via_grid cols_2 laptops-cols_inherit tablets-cols_inherit mobiles-cols_1 valign_bottom type_default stacking_default\" style=\"grid-gap:2rem;\"><div class=\"wpb_column vc_column_container us_custom_ec1cfd2c us_animate_this hide_on_mobiles has_bg_color\"><div class=\"vc_column-inner\"><\/div><\/div><div class=\"wpb_column vc_column_container us_custom_0b9a4b1e hide_on_mobiles\"><div class=\"vc_column-inner\"><div class=\"wpb_text_column us_custom_f6d66a11\"><div class=\"wpb_wrapper\"><h3>In the heart of the bustling neighbourhood yet close to green areas<br \/>\n<\/h3>\n<\/div><\/div><div class=\"wpb_text_column us_custom_f4b83a1b\"><div class=\"wpb_wrapper\"><header class=\"entry-header\"><\/header>\n<div class=\"entry-content\">The building is centrally located in the neighborhood and offers the perfect conditions to work and get started. In Gneisenaustra\u00dfe we offer 5 floors of office space with state-of-the-art equipment. Away from rising commercial real estate prices, you can realize your entrepreneurial goals in our office for a fair monthly price.<\/div>\n<\/div><\/div><\/div><\/div><\/div><\/div><\/section><section class=\"l-section wpb_row us_custom_31ad072c hide_on_default hide_on_laptops hide_on_tablets height_medium\"><div class=\"l-section-h i-cf\"><div class=\"g-cols vc_row via_grid cols_2 laptops-cols_inherit tablets-cols_inherit mobiles-cols_1 valign_top type_default stacking_default\" style=\"grid-gap:2rem;\"><div class=\"wpb_column vc_column_container us_custom_ce66f357\"><div class=\"vc_column-inner\"><div class=\"wpb_text_column us_custom_0dc4e1b4 has_text_color\"><div class=\"wpb_wrapper\"><h3>In the heart of the bustling neighbourhood yet close to green areas<br \/>\n<\/h3>\n<\/div><\/div><div class=\"wpb_text_column us_custom_6c40afe7 has_text_color\"><div class=\"wpb_wrapper\"><header class=\"entry-header\"><\/header>\n<div class=\"entry-content\">Work in the middle of the neighborhood and take off. In Gneisenaustra\u00dfe we offer 5 floors of office space with state-of-the-art equipment. Away from rising commercial real estate prices, you can realize your entrepreneurial goals in our office for a fair monthly price.<\/div>\n<\/div><\/div><\/div><\/div><div class=\"wpb_column vc_column_container us_custom_30a5186f us_animate_this has_bg_color\"><div class=\"vc_column-inner\"><\/div><\/div><\/div><\/div><\/section><section class=\"l-section wpb_row us_custom_bdc41f26 height_medium\"><div class=\"l-section-h i-cf\"><div class=\"g-cols vc_row via_grid cols_1 laptops-cols_inherit tablets-cols_inherit mobiles-cols_1 valign_top type_default stacking_default\"><div class=\"wpb_column vc_column_container\"><div class=\"vc_column-inner\"><h2 class=\"w-text us_custom_86c35de2\"><span class=\"w-text-h\"><span class=\"w-text-value\">BUILDING EQUIPMENT<\/span><\/span><\/h2><div class=\"g-cols wpb_row via_grid cols_1 laptops-cols_inherit tablets-cols_inherit mobiles-cols_1 valign_top type_default stacking_default\"><div class=\"wpb_column vc_column_container\"><div class=\"vc_column-inner\"><h3 class=\"w-text us_custom_939ef8a1 has_text_color\"><span class=\"w-text-h\"><span class=\"w-text-value\">Enjoy the following amenities :<\/span><\/span><\/h3><\/div><\/div><\/div><\/div><\/div><\/div><\/div><\/section><section class=\"l-section wpb_row height_medium\"><div class=\"l-section-h i-cf\"><div class=\"g-cols vc_row via_grid cols_2 laptops-cols_inherit tablets-cols_inherit mobiles-cols_1 valign_top type_default stacking_default\" style=\"grid-gap:4rem;\"><div class=\"wpb_column vc_column_container us_custom_f839c16e us_animate_this has_bg_color\"><div class=\"vc_column-inner\"><div class=\"w-iconbox iconpos_top style_circle color_secondary align_left\"><div class=\"w-iconbox-icon\" style=\"font-size:2rem;\"><i class=\"far fa-sort-circle-down\"><\/i><\/div><div class=\"w-iconbox-meta\"><h3 class=\"w-iconbox-title\">Elevator<\/h3><div class=\"w-iconbox-text\"><p>A passenger elevator serves all floors, from the basement to the 5th floor.<\/p>\n<\/div><\/div><\/div><\/div><\/div><div class=\"wpb_column vc_column_container us_custom_f839c16e us_animate_this has_bg_color\"><div class=\"vc_column-inner\"><div class=\"w-iconbox iconpos_top style_circle color_secondary align_left\"><div class=\"w-iconbox-icon\" style=\"font-size:2rem;\"><i class=\"far fa-door-open\"><\/i><\/div><div class=\"w-iconbox-meta\"><h3 class=\"w-iconbox-title\">Reception<\/h3><div class=\"w-iconbox-text\"><p>A somber interior in the reception and common areas consisting of light-colored concrete block-flooring, white walls, stainless steal elevator and airy glass stair railing, creates a friendly and inviting reception.<\/p>\n<\/div><\/div><\/div><\/div><\/div><\/div><\/div><\/section><section class=\"l-section wpb_row us_custom_5cd26a65 height_medium\"><div class=\"l-section-h i-cf\"><div class=\"g-cols vc_row via_grid cols_2 laptops-cols_inherit tablets-cols_inherit mobiles-cols_1 valign_top type_default stacking_default\" style=\"grid-gap:4rem;\"><div class=\"wpb_column vc_column_container us_custom_f839c16e us_animate_this has_bg_color\"><div class=\"vc_column-inner\"><div class=\"w-iconbox iconpos_top style_circle color_secondary align_left\"><div class=\"w-iconbox-icon\" style=\"font-size:2rem;\"><i class=\"far fa-dungeon\"><\/i><\/div><div class=\"w-iconbox-meta\"><h3 class=\"w-iconbox-title\">House entrance<\/h3><div class=\"w-iconbox-text\"><p>The entrance to the house \u2013 of course equipped with a video intercom \u2013 is designed with a solid metal frame door. The video call station is installed in the door, and the mailbox system is also permanently integrated in the door area.<\/p>\n<\/div><\/div><\/div><\/div><\/div><div class=\"wpb_column vc_column_container us_custom_f839c16e us_animate_this has_bg_color\"><div class=\"vc_column-inner\"><div class=\"w-iconbox iconpos_top style_circle color_secondary align_left\"><div class=\"w-iconbox-icon\" style=\"font-size:2rem;\"><i class=\"far fa-key\"><\/i><\/div><div class=\"w-iconbox-meta\"><h3 class=\"w-iconbox-title\">Key card<\/h3><div class=\"w-iconbox-text\"><p>You can enter the building with a key card or with your smartphone, flexible and always with you.<\/p>\n<\/div><\/div><\/div><\/div><\/div><\/div><\/div><\/section><section class=\"l-section wpb_row us_custom_84f9f17f hide_on_mobiles height_medium\"><div class=\"l-section-h i-cf\"><div class=\"g-cols vc_row via_grid cols_2 laptops-cols_inherit tablets-cols_inherit mobiles-cols_1 valign_top type_default stacking_default\" style=\"grid-gap:2rem;\"><div class=\"wpb_column vc_column_container us_custom_05feab67 us_animate_this has_bg_color\"><div class=\"vc_column-inner\"><\/div><\/div><div class=\"wpb_column vc_column_container us_custom_1e133a3a\"><div class=\"vc_column-inner\"><div class=\"wpb_text_column us_custom_0eb51024 has_text_color\"><div class=\"wpb_wrapper\"><h3>Top location with green surroundings<\/h3>\n<\/div><\/div><div class=\"wpb_text_column us_custom_a39bf0e1 has_text_color\"><div class=\"wpb_wrapper\"><header class=\"entry-header\"><\/header>\n<div class=\"entry-content\">The building is located in Berlin-Kreuzberg, within a few minutes you can reach Potsdamer Platz. Life pulsates around the Bergmannstra\u00dfenkiez and Gneisenaustra\u00dfe: At Marheinekeplatz, the market hall of the same name caters to all daily needs. The surrounding area also offers numerous opportunities for a creative break. Restaurants, cafes, and lots of greenery offer many opportunities to recharge your batteries.<\/div>\n<\/div><\/div><\/div><\/div><\/div><\/div><\/section><section class=\"l-section wpb_row us_custom_f0c500d6 hide_on_default hide_on_laptops hide_on_tablets height_medium\"><div class=\"l-section-h i-cf\"><div class=\"g-cols vc_row via_grid cols_2 laptops-cols_inherit tablets-cols_inherit mobiles-cols_1 valign_top type_default stacking_default\" style=\"grid-gap:2rem;\"><div class=\"wpb_column vc_column_container\"><div class=\"vc_column-inner\"><div class=\"wpb_text_column us_custom_b35ef944 has_text_color\"><div class=\"wpb_wrapper\"><h3>Top location with green surroundings<\/h3>\n<\/div><\/div><div class=\"wpb_text_column us_custom_34b9d994 has_text_color\"><div class=\"wpb_wrapper\"><header class=\"entry-header\"><\/header>\n<div class=\"entry-content\">The building is located in Berlin-Kreuzberg, within a few minutes you can reach Potsdamer Platz via Mehringdamm and Stresemannstra\u00dfe. Life pulsates around the Bergmannstra\u00dfenkiez and Gneisenaustra\u00dfe: At Marheinekeplatz, the market hall of the same name caters to all daily needs. In addition, an international gastronomy scene awaits tenants &#8211; whether for a lunch break, a quick coffee, a meeting with customers or business partners. Local boutiques, a medical center and the Viktoriapark round off the working life in the neighborhood.<\/div>\n<\/div><\/div><\/div><\/div><div class=\"wpb_column vc_column_container us_custom_1ba69e2e us_animate_this has_bg_color\"><div class=\"vc_column-inner\"><\/div><\/div><\/div><\/div><\/section><section class=\"l-section wpb_row height_medium\"><div class=\"l-section-h i-cf\"><div class=\"g-cols vc_row via_grid cols_2 laptops-cols_inherit tablets-cols_inherit mobiles-cols_1 valign_bottom type_default stacking_default\" style=\"grid-gap:2em;\"><div class=\"wpb_column vc_column_container\"><div class=\"vc_column-inner\"><div class=\"wpb_text_column us_custom_232a7a1b has_text_color\"><div class=\"wpb_wrapper\"><h3>Central in the Bergmannkiez<\/h3>\n<\/div><\/div><div class=\"wpb_text_column us_custom_8948cae3 has_text_color\"><div class=\"wpb_wrapper\"><header class=\"entry-header\"><\/header>\n<div class=\"entry-content\">\n<p class=\"p1\">The building is located north of the Tempelhofer Feld, south of the Landwehrkanal and is thus optimally connected in terms of transport. There is a direct connection to the following public transport: U7 (Gneisenaustra\u00dfe station) \/ U6 (Mehringdamm) \/ U1 &#8211; U3 &#8211; U6 (Hallesches Tor). The connection to the A100 \/ B96 can be reached quickly by car.<\/p>\n<\/div>\n<\/div><\/div><\/div><\/div><div class=\"wpb_column vc_column_container us_custom_e916707e us_animate_this has_bg_color\"><div class=\"vc_column-inner\"><\/div><\/div><\/div><\/div><\/section>\n","protected":false},"excerpt":{"rendered":"Current:PROVISIONSFREE + office space as good as new + already fitted out + move in shortly (immobilienscout24.de) Nostitzstra\u00dfe 51 \/ Gneisenaustra\u00dfe 103High quality new building with possibility to individualize for your company\u00b4s need High quality new building with possibility to individualize for your company\u00b4s need Are you looking for an office space in Berlin?Then you&#8217;ve...","protected":false},"author":1,"featured_media":0,"parent":0,"menu_order":0,"comment_status":"closed","ping_status":"closed","template":"","meta":{"footnotes":"","_expiration-date-status":"","_expiration-date":0,"_expiration-date-type":"","_expiration-date-categories":[],"_expiration-date-options":[]},"class_list":["post-2771","page","type-page","status-publish","hentry"],"acf":[],"_links":{"self":[{"href":"https:\/\/nostitzstrasse51.de\/en\/wp-json\/wp\/v2\/pages\/2771","targetHints":{"allow":["GET"]}}],"collection":[{"href":"https:\/\/nostitzstrasse51.de\/en\/wp-json\/wp\/v2\/pages"}],"about":[{"href":"https:\/\/nostitzstrasse51.de\/en\/wp-json\/wp\/v2\/types\/page"}],"author":[{"embeddable":true,"href":"https:\/\/nostitzstrasse51.de\/en\/wp-json\/wp\/v2\/users\/1"}],"replies":[{"embeddable":true,"href":"https:\/\/nostitzstrasse51.de\/en\/wp-json\/wp\/v2\/comments?post=2771"}],"version-history":[{"count":123,"href":"https:\/\/nostitzstrasse51.de\/en\/wp-json\/wp\/v2\/pages\/2771\/revisions"}],"predecessor-version":[{"id":5020,"href":"https:\/\/nostitzstrasse51.de\/en\/wp-json\/wp\/v2\/pages\/2771\/revisions\/5020"}],"wp:attachment":[{"href":"https:\/\/nostitzstrasse51.de\/en\/wp-json\/wp\/v2\/media?parent=2771"}],"curies":[{"name":"wp","href":"https:\/\/api.w.org\/{rel}","templated":true}]}}