{"id":2713,"date":"2022-09-06T11:38:19","date_gmt":"2022-09-06T09:38:19","guid":{"rendered":"http:\/\/gneisenau103.de.www133.your-server.de\/password-reset\/"},"modified":"2023-02-09T17:40:00","modified_gmt":"2023-02-09T16:40:00","slug":"password-reset","status":"publish","type":"page","link":"https:\/\/nostitzstrasse51.de\/en\/password-reset\/","title":{"rendered":"Password reset"},"content":{"rendered":"<section class=\"l-section wpb_row us_custom_106a3d00 page-header height_medium width_full\"><div class=\"l-section-h i-cf\"><div class=\"g-cols vc_row via_grid cols_2-1 laptops-cols_inherit tablets-cols_inherit mobiles-cols_1 valign_top type_default stacking_default\"><div class=\"wpb_column vc_column_container us_custom_f5782766 us_animate_this has_bg_color\"><div class=\"vc_column-inner\"><\/div><\/div><div class=\"wpb_column vc_column_container us_custom_7b15938c us_animate_this has_bg_color\"><div class=\"vc_column-inner\">[vc_custom_heading text=&#8221;Reset password&#8221; font_container=&#8221;tag:h1|text_align:left&#8221; use_theme_fonts=&#8221;yes&#8221; css=&#8221;%7B%22default%22%3A%7B%22color%22%3A%22_header_middle_text_hover%22%2C%22margin-bottom%22%3A%220%22%7D%7D&#8221;]<div class=\"w-separator size_custom\" style=\"height:27px\" id=\"q846\"><style>@media(max-width:1024px){ #q846{height:24px!important}}@media(max-width:600px){ #q846{height:20px!important}}<\/style><\/div><div class=\"wpb_text_column us_custom_6a9d073a has_text_color\"><div class=\"wpb_wrapper\">\r\n<div id=\"password-lost-form-wrap\">\r\n\r\n\t\r\n\t\r\n\t<form id=\"lostpasswordform\" method=\"post\" class=\"account-page-form\">\r\n\t\t<fieldset>\r\n\t\t\t<legend> <\/legend>\r\n\r\n\t\t\t<div class=\"somfrp-lost-pass-form-text\">\r\n\t\t\t\t<p>Wenn Sie Ihr Passwort vergessen haben, k\u00f6nnen Sie es hier zur\u00fccksetzen.<\/p>\n<p> Geben Sie bitte Ihre registrierte E-Mail Adresse ein und dr\u00fccken Sie \"Passwort zur\u00fccksetzen\". Danach wird Ihnen eine E-Mail mit einem Link zugesandt. Mit diesem Link k\u00f6nnen Sie ein neues Passwort f\u00fcr unser Mieterportal vergeben.<\/p>\n<p>Falls Sie keine E-Mail erhalten haben, schauen Sie bitte auch in Ihrem Spam-Ordner nach.<\/p>\n\t\t\t<\/div>\r\n\r\n\t\t\t<p class=\"no-margin\">\r\n\t\t\t\t<label for=\"email\">Email Address or Username<\/label>\r\n\t\t\t\t<input type=\"text\" name=\"somfrp_user_info\" id=\"somfrp_user_info\">\r\n\t\t\t<\/p>\r\n\r\n\t\t\t<div class=\"lostpassword-submit\">\r\n\t\t\t\t<input type=\"hidden\" id=\"somfrp_nonce\" name=\"somfrp_nonce\" value=\"e21364bf0d\" \/><input type=\"hidden\" name=\"_wp_http_referer\" value=\"\/en\/wp-json\/wp\/v2\/pages\/2713\" \/>\t\t\t\t<input type=\"hidden\" name=\"submitted\" id=\"submitted\" value=\"true\">\r\n\t\t\t\t<input type=\"hidden\" name=\"somfrp_action\" id=\"somfrp_post_action\" value=\"somfrp_lost_pass\">\r\n\t\t\t\t<button type=\"submit\" id=\"reset-pass-submit\" name=\"reset-pass-submit\" class=\"button big-btn\">Passwort zur\u00fccksetzen<\/button>\r\n\t\t\t<\/div>\r\n\r\n\t\t<\/fieldset>\r\n\t<\/form>\r\n\r\n<\/div>\n<\/div><\/div><\/div><\/div><\/div><\/div><\/section>\n","protected":false},"excerpt":{"rendered":"[vc_custom_heading text=\"Reset password\" font_container=\"tag:h1|text_align:left\" use_theme_fonts=\"yes\" css=\"%7B%22default%22%3A%7B%22color%22%3A%22_header_middle_text_hover%22%2C%22margin-bottom%22%3A%220%22%7D%7D\"] Wenn Sie Ihr Passwort vergessen haben, k\u00f6nnen Sie es hier zur\u00fccksetzen. Geben Sie bitte Ihre registrierte E-Mail Adresse ein und dr\u00fccken Sie \"Passwort zur\u00fccksetzen\". Danach wird Ihnen eine E-Mail mit einem Link zugesandt. Mit diesem Link k\u00f6nnen Sie ein neues Passwort f\u00fcr unser Mieterportal vergeben. Falls Sie keine E-Mail...","protected":false},"author":3,"featured_media":0,"parent":0,"menu_order":0,"comment_status":"closed","ping_status":"closed","template":"","meta":{"footnotes":"","_expiration-date-status":"","_expiration-date":0,"_expiration-date-type":"","_expiration-date-categories":[],"_expiration-date-options":[]},"class_list":["post-2713","page","type-page","status-publish","hentry"],"acf":[],"_links":{"self":[{"href":"https:\/\/nostitzstrasse51.de\/en\/wp-json\/wp\/v2\/pages\/2713","targetHints":{"allow":["GET"]}}],"collection":[{"href":"https:\/\/nostitzstrasse51.de\/en\/wp-json\/wp\/v2\/pages"}],"about":[{"href":"https:\/\/nostitzstrasse51.de\/en\/wp-json\/wp\/v2\/types\/page"}],"author":[{"embeddable":true,"href":"https:\/\/nostitzstrasse51.de\/en\/wp-json\/wp\/v2\/users\/3"}],"replies":[{"embeddable":true,"href":"https:\/\/nostitzstrasse51.de\/en\/wp-json\/wp\/v2\/comments?post=2713"}],"version-history":[{"count":2,"href":"https:\/\/nostitzstrasse51.de\/en\/wp-json\/wp\/v2\/pages\/2713\/revisions"}],"predecessor-version":[{"id":2717,"href":"https:\/\/nostitzstrasse51.de\/en\/wp-json\/wp\/v2\/pages\/2713\/revisions\/2717"}],"wp:attachment":[{"href":"https:\/\/nostitzstrasse51.de\/en\/wp-json\/wp\/v2\/media?parent=2713"}],"curies":[{"name":"wp","href":"https:\/\/api.w.org\/{rel}","templated":true}]}}